{"id":233,"date":"2020-12-11T01:15:30","date_gmt":"2020-12-10T23:15:30","guid":{"rendered":"https:\/\/www.smartsystems.gruenefeld.de\/?page_id=233"},"modified":"2021-01-11T19:51:55","modified_gmt":"2021-01-11T17:51:55","slug":"profi-luftreiniger","status":"publish","type":"page","link":"https:\/\/www.smartsystems.gruenefeld.de\/","title":{"rendered":"Profi-Luftreiniger"},"content":{"rendered":"\n<figure class=\"wp-block-gallery columns-3 is-cropped\"><ul class=\"blocks-gallery-grid\"><li class=\"blocks-gallery-item\"><figure><img loading=\"lazy\" width=\"748\" height=\"827\" src=\"https:\/\/www.smartsystems.gruenefeld.de\/wp-content\/uploads\/2020\/12\/LRG1.jpg\" alt=\"\" data-id=\"235\" data-full-url=\"https:\/\/www.smartsystems.gruenefeld.de\/wp-content\/uploads\/2020\/12\/LRG1.jpg\" data-link=\"https:\/\/www.smartsystems.gruenefeld.de\/?attachment_id=235\" class=\"wp-image-235\" srcset=\"https:\/\/www.smartsystems.gruenefeld.de\/wp-content\/uploads\/2020\/12\/LRG1.jpg 748w, https:\/\/www.smartsystems.gruenefeld.de\/wp-content\/uploads\/2020\/12\/LRG1-271x300.jpg 271w\" sizes=\"(max-width: 748px) 100vw, 748px\" \/><\/figure><\/li><li class=\"blocks-gallery-item\"><figure><img loading=\"lazy\" width=\"689\" height=\"689\" src=\"https:\/\/www.smartsystems.gruenefeld.de\/wp-content\/uploads\/2020\/12\/LRG2a.jpg\" alt=\"\" data-id=\"243\" data-full-url=\"https:\/\/www.smartsystems.gruenefeld.de\/wp-content\/uploads\/2020\/12\/LRG2a.jpg\" data-link=\"https:\/\/www.smartsystems.gruenefeld.de\/?attachment_id=243\" class=\"wp-image-243\" srcset=\"https:\/\/www.smartsystems.gruenefeld.de\/wp-content\/uploads\/2020\/12\/LRG2a.jpg 689w, https:\/\/www.smartsystems.gruenefeld.de\/wp-content\/uploads\/2020\/12\/LRG2a-300x300.jpg 300w, https:\/\/www.smartsystems.gruenefeld.de\/wp-content\/uploads\/2020\/12\/LRG2a-150x150.jpg 150w\" sizes=\"(max-width: 689px) 100vw, 689px\" \/><\/figure><\/li><li class=\"blocks-gallery-item\"><figure><img loading=\"lazy\" width=\"626\" height=\"626\" src=\"https:\/\/www.smartsystems.gruenefeld.de\/wp-content\/uploads\/2020\/12\/LRG3a.jpg\" alt=\"\" data-id=\"244\" data-full-url=\"https:\/\/www.smartsystems.gruenefeld.de\/wp-content\/uploads\/2020\/12\/LRG3a.jpg\" data-link=\"https:\/\/www.smartsystems.gruenefeld.de\/?attachment_id=244\" class=\"wp-image-244\" srcset=\"https:\/\/www.smartsystems.gruenefeld.de\/wp-content\/uploads\/2020\/12\/LRG3a.jpg 626w, https:\/\/www.smartsystems.gruenefeld.de\/wp-content\/uploads\/2020\/12\/LRG3a-300x300.jpg 300w, https:\/\/www.smartsystems.gruenefeld.de\/wp-content\/uploads\/2020\/12\/LRG3a-150x150.jpg 150w\" sizes=\"(max-width: 626px) 100vw, 626px\" \/><\/figure><\/li><\/ul><\/figure>\n\n\n\n<p>Wir bieten professionelle Luftreiniger zu einem sehr g\u00fcnstigen Preis:   <\/p>\n\n\n\n<ul><li>f\u00fcr R\u00e4ume bis ca. 100 m<sup>2<\/sup>, Durchsatz ca. 1000 m<sup>3<\/sup>\/h<\/li><li>5 Reinigungsstufen: Vorfilter, HEPA-Filter H13, Aktivkohlefilter, antibakterielle Beschichtung, UV-Selbstreinigung<\/li><li>kompakte Ma\u00dfe, leicht zu transportieren: ca. 80 cm x 40 cm x 37 cm, 16,5 kg, Rollen<\/li><li>smarte Bedienung, Automatikfunktionen<\/li><li>g\u00fcnstiger Preis: 1880,- EUR* f\u00fcr Einzelger\u00e4te,<br>Preise f\u00fcr gr\u00f6\u00dfere Abnahmemengen auf Anfrage.<br>* Preise jeweils inkl. MWSt.<\/li><li>F\u00f6rderf\u00e4hig durch Bundes- und Landeshilfen<\/li><li>Filtertausch, Wartung, Ersatzteile durch uns <br><br>Detaillierte Beschreibung: <a href=\"https:\/\/www.smartsystems.gruenefeld.de\/wp-content\/uploads\/2021\/01\/Profi-Luftreiniger-PLR100.pdf\" target=\"_blank\" rel=\"noreferrer noopener\">Profi-Luftreiniger-PLR100.pdf<\/a><br>Datenblatt: <a href=\"https:\/\/www.smartsystems.gruenefeld.de\/wp-content\/uploads\/2021\/01\/PLR100-Datenblatt.pdf\" target=\"_blank\" rel=\"noreferrer noopener\">PLR100-Datenblatt.pdf<\/a><br>Bestellschein <a rel=\"noreferrer noopener\" href=\"https:\/\/www.smartsystems.gruenefeld.de\/wp-content\/uploads\/2020\/12\/PLR100-Bestellschein.pdf\" target=\"_blank\">PLR100-Bestellschein.pdf<\/a><\/li><\/ul>\n\n\n\n<p><\/p>\n\n\n\n<figure class=\"wp-block-image\"><img alt=\"\"\/><\/figure>\n","protected":false},"excerpt":{"rendered":"<p>Wir bieten professionelle Luftreiniger zu einem sehr g\u00fcnstigen Preis: f\u00fcr R\u00e4ume bis ca. 100 m2, Durchsatz ca. 1000 m3\/h 5 Reinigungsstufen: Vorfilter, HEPA-Filter H13, Aktivkohlefilter, antibakterielle Beschichtung, UV-Selbstreinigung kompakte Ma\u00dfe, leicht zu transportieren: ca. 80 cm x 40 cm x &hellip; <a href=\"https:\/\/www.smartsystems.gruenefeld.de\/\">Weiterlesen <span class=\"meta-nav\">&rarr;<\/span><\/a><\/p>\n","protected":false},"author":1,"featured_media":0,"parent":0,"menu_order":0,"comment_status":"closed","ping_status":"closed","template":"","meta":[],"_links":{"self":[{"href":"https:\/\/www.smartsystems.gruenefeld.de\/index.php?rest_route=\/wp\/v2\/pages\/233"}],"collection":[{"href":"https:\/\/www.smartsystems.gruenefeld.de\/index.php?rest_route=\/wp\/v2\/pages"}],"about":[{"href":"https:\/\/www.smartsystems.gruenefeld.de\/index.php?rest_route=\/wp\/v2\/types\/page"}],"author":[{"embeddable":true,"href":"https:\/\/www.smartsystems.gruenefeld.de\/index.php?rest_route=\/wp\/v2\/users\/1"}],"replies":[{"embeddable":true,"href":"https:\/\/www.smartsystems.gruenefeld.de\/index.php?rest_route=%2Fwp%2Fv2%2Fcomments&post=233"}],"version-history":[{"count":14,"href":"https:\/\/www.smartsystems.gruenefeld.de\/index.php?rest_route=\/wp\/v2\/pages\/233\/revisions"}],"predecessor-version":[{"id":282,"href":"https:\/\/www.smartsystems.gruenefeld.de\/index.php?rest_route=\/wp\/v2\/pages\/233\/revisions\/282"}],"wp:attachment":[{"href":"https:\/\/www.smartsystems.gruenefeld.de\/index.php?rest_route=%2Fwp%2Fv2%2Fmedia&parent=233"}],"curies":[{"name":"wp","href":"https:\/\/api.w.org\/{rel}","templated":true}]}}