{"id":15,"date":"2014-07-03T00:27:13","date_gmt":"2014-07-02T22:27:13","guid":{"rendered":"http:\/\/test.datentechnik.gruenefeld.de\/?page_id=15"},"modified":"2020-02-04T14:11:54","modified_gmt":"2020-02-04T12:11:54","slug":"impressum-2","status":"publish","type":"page","link":"https:\/\/www.smartsystems.gruenefeld.de\/?page_id=15","title":{"rendered":"Impressum"},"content":{"rendered":"<h1>Impressum<\/h1>\n<h2 id=\"m46\">Diensteanbieter<\/h2>\n<p>Enno Gr\u00fcnefeld Smart Systems<br \/>\nDuffenterstra\u00dfe 59<br \/>\n52222 Stolberg<br \/>\nDeutschland<\/p>\n<h2 id=\"m56\">Kontaktm\u00f6glichkeiten<\/h2>\n<p><strong>E-Mail-Adresse<\/strong>: <a href=\"mailto:info@smartsystems.gruene\">info@smartsystems.gruene<\/a>feld.de<br \/>\n<strong>Telefon<\/strong>: +49 2402 1240945<br \/>\n<strong>Fax<\/strong>: +49 2402 1240952<\/p>\n<h2 id=\"m58\">Angaben zum Unternehmen<\/h2>\n<p><strong>Umsatzsteuer Identifikationsnummer (USt-ID)<\/strong>: DE171435876<br \/>\n<strong>EORI-Nr.<\/strong> DE231145449320246<\/p>\n<h2 id=\"m174\">Online-Streitbeilegung (OS)<\/h2>\n<p>Die Europ\u00e4ische Kommission stellt eine Plattform zur Online-Streitbeilegung (OS) bereit, die Sie unter <a href=\"https:\/\/ec.europa.eu\/consumers\/odr\/\" target=\"_blank\" rel=\"noopener noreferrer\">https:\/\/ec.europa.eu\/consumers\/odr\/<\/a> finden. Verbraucher haben die M\u00f6glichkeit, diese Plattform f\u00fcr die Beilegung ihrer Streitigkeiten zu nutzen.<\/p>\n<h2 id=\"m169\">Bildnachweise<\/h2>\n<p><strong>Bildquellen und Urheberrechtshinweise<\/strong>:<\/p>\n<p>Bei berechtigtem Interesse k\u00f6nnen Sie ein PDF-Dokument mit den Bildnachweisen unter obiger Adresse anfordern.<\/p>\n<p><strong>Haftung f\u00fcr Angaben in unserem Internet-Angebot<\/strong><\/p>\n<p>Alle Informationen in unserem Internet-Angebot sind mit Sorgfalt\u00a0zusammengestellt und gepr\u00fcft. Gerne nehmen wir Hinweise entgegen,\u00a0falls von uns verbreitete Informationen irgendwie zu Problemen f\u00fchren\u00a0oder die Rechte anderer verletzen sollten. Wir werden diese dann sofort\u00a0entfernen.<\/p>\n<p>F\u00fcr die Inhalte verlinkter, fremder Webseiten \u00fcbernehmen wir keine Haftung.<\/p>\n<p><strong>Schutzrechte<\/strong><\/p>\n<p>Die in unserem Internet-Angebot genannten Warenzeichen\/Trademarks sind Eigentum der entsprechenden Firmen oder Organisationen.<\/p>\n<p>Alle in unserem Internet-Angebot gezeigten Texte und Bilder sind urheberrechtlich gesch\u00fctzt.<\/p>\n<p class=\"seal\"><a title=\"Rechtstext von Dr. Schwenke - f\u00fcr weitere Informationen bitte anklicken.\" href=\"https:\/\/datenschutz-generator.de\/?l=de\" target=\"_blank\" rel=\"noopener noreferrer\">Erstellt mit kostenlosem Datenschutz-Generator.de von Dr. Thomas Schwenke<\/a><\/p>\n","protected":false},"excerpt":{"rendered":"<p>Impressum Diensteanbieter Enno Gr\u00fcnefeld Smart Systems Duffenterstra\u00dfe 59 52222 Stolberg Deutschland Kontaktm\u00f6glichkeiten E-Mail-Adresse: info@smartsystems.gruenefeld.de Telefon: +49 2402 1240945 Fax: +49 2402 1240952 Angaben zum Unternehmen Umsatzsteuer Identifikationsnummer (USt-ID): DE171435876 EORI-Nr. DE231145449320246 Online-Streitbeilegung (OS) Die Europ\u00e4ische Kommission stellt eine Plattform zur &hellip; <a href=\"https:\/\/www.smartsystems.gruenefeld.de\/?page_id=15\">Weiterlesen <span class=\"meta-nav\">&rarr;<\/span><\/a><\/p>\n","protected":false},"author":1,"featured_media":0,"parent":0,"menu_order":0,"comment_status":"closed","ping_status":"closed","template":"","meta":[],"_links":{"self":[{"href":"https:\/\/www.smartsystems.gruenefeld.de\/index.php?rest_route=\/wp\/v2\/pages\/15"}],"collection":[{"href":"https:\/\/www.smartsystems.gruenefeld.de\/index.php?rest_route=\/wp\/v2\/pages"}],"about":[{"href":"https:\/\/www.smartsystems.gruenefeld.de\/index.php?rest_route=\/wp\/v2\/types\/page"}],"author":[{"embeddable":true,"href":"https:\/\/www.smartsystems.gruenefeld.de\/index.php?rest_route=\/wp\/v2\/users\/1"}],"replies":[{"embeddable":true,"href":"https:\/\/www.smartsystems.gruenefeld.de\/index.php?rest_route=%2Fwp%2Fv2%2Fcomments&post=15"}],"version-history":[{"count":6,"href":"https:\/\/www.smartsystems.gruenefeld.de\/index.php?rest_route=\/wp\/v2\/pages\/15\/revisions"}],"predecessor-version":[{"id":191,"href":"https:\/\/www.smartsystems.gruenefeld.de\/index.php?rest_route=\/wp\/v2\/pages\/15\/revisions\/191"}],"wp:attachment":[{"href":"https:\/\/www.smartsystems.gruenefeld.de\/index.php?rest_route=%2Fwp%2Fv2%2Fmedia&parent=15"}],"curies":[{"name":"wp","href":"https:\/\/api.w.org\/{rel}","templated":true}]}}