{"id":122,"date":"2020-02-03T22:05:11","date_gmt":"2020-02-03T20:05:11","guid":{"rendered":"http:\/\/www.datentechnik.gruenefeld.de\/?page_id=122"},"modified":"2020-02-04T13:41:46","modified_gmt":"2020-02-04T11:41:46","slug":"spezialrechner","status":"publish","type":"page","link":"https:\/\/www.smartsystems.gruenefeld.de\/?page_id=122","title":{"rendered":"Spezialrechner"},"content":{"rendered":"\n<figure class=\"wp-block-gallery columns-3 is-cropped\"><ul class=\"blocks-gallery-grid\"><li class=\"blocks-gallery-item\"><figure><img loading=\"lazy\" width=\"333\" height=\"221\" src=\"http:\/\/www.datentechnik.gruenefeld.de\/wp-content\/uploads\/2020\/02\/tn_MachineControl43271151.jpeg\" alt=\"\" data-id=\"164\" data-full-url=\"http:\/\/www.datentechnik.gruenefeld.de\/wp-content\/uploads\/2020\/02\/tn_MachineControl43271151.jpeg\" data-link=\"http:\/\/www.datentechnik.gruenefeld.de\/?attachment_id=164\" class=\"wp-image-164\" srcset=\"https:\/\/www.smartsystems.gruenefeld.de\/wp-content\/uploads\/2020\/02\/tn_MachineControl43271151.jpeg 333w, https:\/\/www.smartsystems.gruenefeld.de\/wp-content\/uploads\/2020\/02\/tn_MachineControl43271151-300x199.jpeg 300w\" sizes=\"(max-width: 333px) 100vw, 333px\" \/><\/figure><\/li><li class=\"blocks-gallery-item\"><figure><img loading=\"lazy\" width=\"333\" height=\"222\" src=\"http:\/\/www.datentechnik.gruenefeld.de\/wp-content\/uploads\/2020\/02\/tn_HighEndComputing189450900.jpeg\" alt=\"\" data-id=\"165\" data-full-url=\"http:\/\/www.datentechnik.gruenefeld.de\/wp-content\/uploads\/2020\/02\/tn_HighEndComputing189450900.jpeg\" data-link=\"http:\/\/www.datentechnik.gruenefeld.de\/?attachment_id=165\" class=\"wp-image-165\" srcset=\"https:\/\/www.smartsystems.gruenefeld.de\/wp-content\/uploads\/2020\/02\/tn_HighEndComputing189450900.jpeg 333w, https:\/\/www.smartsystems.gruenefeld.de\/wp-content\/uploads\/2020\/02\/tn_HighEndComputing189450900-300x200.jpeg 300w\" sizes=\"(max-width: 333px) 100vw, 333px\" \/><\/figure><\/li><li class=\"blocks-gallery-item\"><figure><img loading=\"lazy\" width=\"333\" height=\"222\" src=\"http:\/\/www.datentechnik.gruenefeld.de\/wp-content\/uploads\/2020\/02\/tn_AudioAnalysis199924237.jpeg\" alt=\"\" data-id=\"166\" data-full-url=\"http:\/\/www.datentechnik.gruenefeld.de\/wp-content\/uploads\/2020\/02\/tn_AudioAnalysis199924237.jpeg\" data-link=\"http:\/\/www.datentechnik.gruenefeld.de\/?attachment_id=166\" class=\"wp-image-166\" srcset=\"https:\/\/www.smartsystems.gruenefeld.de\/wp-content\/uploads\/2020\/02\/tn_AudioAnalysis199924237.jpeg 333w, https:\/\/www.smartsystems.gruenefeld.de\/wp-content\/uploads\/2020\/02\/tn_AudioAnalysis199924237-300x200.jpeg 300w\" sizes=\"(max-width: 333px) 100vw, 333px\" \/><\/figure><\/li><\/ul><\/figure>\n\n\n\n<p>Wir fertigen\nleistungsf\u00e4hige PCs, Server und Spezialrechenanlagen nach Ihrer Spezifikation,\nz.B.<\/p>\n\n\n\n<p>\u00b7&nbsp;&nbsp;&nbsp;&nbsp;&nbsp;&nbsp;\nCAD-Arbeitspl\u00e4tze<\/p>\n\n\n\n<p>\u00b7&nbsp;&nbsp;&nbsp;&nbsp;&nbsp;&nbsp;\nHigh-End-Gamer-PCs<\/p>\n\n\n\n<p>\u00b7&nbsp;&nbsp;&nbsp;&nbsp;&nbsp;&nbsp;\nSpezialrechner f\u00fcr wissenschaftliche Aufgaben<\/p>\n\n\n\n<p>\u00b7&nbsp;&nbsp;&nbsp;&nbsp;&nbsp;&nbsp;\nSteuerungssysteme f\u00fcr komplexe Anlagen \/ Prototypen<\/p>\n\n\n\n<p> \u00b7\u00a0\u00a0\u00a0\u00a0\u00a0\u00a0 Systeme zur Audio-Bearbeitung und Schallmessung <\/p>\n\n\n\n<p>Die notwendige\nNetzwerk- und Kommunikationstechnik liefern wir passend dazu.<\/p>\n\n\n\n<p><\/p>\n\n\n\n<p>Wenn gew\u00fcnscht installieren wir die Betriebs- und Anwendersoftware f\u00fcr Sie oder erstellen individuelle Software f\u00fcr Ihre Anwendung.<\/p>\n","protected":false},"excerpt":{"rendered":"<p>Wir fertigen leistungsf\u00e4hige PCs, Server und Spezialrechenanlagen nach Ihrer Spezifikation, z.B. \u00b7&nbsp;&nbsp;&nbsp;&nbsp;&nbsp;&nbsp; CAD-Arbeitspl\u00e4tze \u00b7&nbsp;&nbsp;&nbsp;&nbsp;&nbsp;&nbsp; High-End-Gamer-PCs \u00b7&nbsp;&nbsp;&nbsp;&nbsp;&nbsp;&nbsp; Spezialrechner f\u00fcr wissenschaftliche Aufgaben \u00b7&nbsp;&nbsp;&nbsp;&nbsp;&nbsp;&nbsp; Steuerungssysteme f\u00fcr komplexe Anlagen \/ Prototypen \u00b7\u00a0\u00a0\u00a0\u00a0\u00a0\u00a0 Systeme zur Audio-Bearbeitung und Schallmessung Die notwendige Netzwerk- und Kommunikationstechnik liefern wir &hellip; <a href=\"https:\/\/www.smartsystems.gruenefeld.de\/?page_id=122\">Weiterlesen <span class=\"meta-nav\">&rarr;<\/span><\/a><\/p>\n","protected":false},"author":1,"featured_media":0,"parent":0,"menu_order":0,"comment_status":"closed","ping_status":"closed","template":"","meta":[],"_links":{"self":[{"href":"https:\/\/www.smartsystems.gruenefeld.de\/index.php?rest_route=\/wp\/v2\/pages\/122"}],"collection":[{"href":"https:\/\/www.smartsystems.gruenefeld.de\/index.php?rest_route=\/wp\/v2\/pages"}],"about":[{"href":"https:\/\/www.smartsystems.gruenefeld.de\/index.php?rest_route=\/wp\/v2\/types\/page"}],"author":[{"embeddable":true,"href":"https:\/\/www.smartsystems.gruenefeld.de\/index.php?rest_route=\/wp\/v2\/users\/1"}],"replies":[{"embeddable":true,"href":"https:\/\/www.smartsystems.gruenefeld.de\/index.php?rest_route=%2Fwp%2Fv2%2Fcomments&post=122"}],"version-history":[{"count":5,"href":"https:\/\/www.smartsystems.gruenefeld.de\/index.php?rest_route=\/wp\/v2\/pages\/122\/revisions"}],"predecessor-version":[{"id":196,"href":"https:\/\/www.smartsystems.gruenefeld.de\/index.php?rest_route=\/wp\/v2\/pages\/122\/revisions\/196"}],"wp:attachment":[{"href":"https:\/\/www.smartsystems.gruenefeld.de\/index.php?rest_route=%2Fwp%2Fv2%2Fmedia&parent=122"}],"curies":[{"name":"wp","href":"https:\/\/api.w.org\/{rel}","templated":true}]}}