{"id":121,"date":"2020-02-03T22:05:11","date_gmt":"2020-02-03T20:05:11","guid":{"rendered":"http:\/\/www.datentechnik.gruenefeld.de\/?page_id=121"},"modified":"2020-02-04T13:45:12","modified_gmt":"2020-02-04T11:45:12","slug":"geraeteentwicklung","status":"publish","type":"page","link":"https:\/\/www.smartsystems.gruenefeld.de\/?page_id=121","title":{"rendered":"Ger\u00e4teentwicklung"},"content":{"rendered":"\n<figure class=\"wp-block-gallery columns-3 is-cropped\"><ul class=\"blocks-gallery-grid\"><li class=\"blocks-gallery-item\"><figure><img loading=\"lazy\" width=\"333\" height=\"222\" src=\"http:\/\/www.datentechnik.gruenefeld.de\/wp-content\/uploads\/2020\/02\/tn_Development288278691.jpeg\" alt=\"\" data-id=\"158\" data-full-url=\"http:\/\/www.datentechnik.gruenefeld.de\/wp-content\/uploads\/2020\/02\/tn_Development288278691.jpeg\" data-link=\"http:\/\/www.datentechnik.gruenefeld.de\/?attachment_id=158\" class=\"wp-image-158\" srcset=\"https:\/\/www.smartsystems.gruenefeld.de\/wp-content\/uploads\/2020\/02\/tn_Development288278691.jpeg 333w, https:\/\/www.smartsystems.gruenefeld.de\/wp-content\/uploads\/2020\/02\/tn_Development288278691-300x200.jpeg 300w\" sizes=\"(max-width: 333px) 100vw, 333px\" \/><\/figure><\/li><li class=\"blocks-gallery-item\"><figure><img loading=\"lazy\" width=\"333\" height=\"221\" src=\"http:\/\/www.datentechnik.gruenefeld.de\/wp-content\/uploads\/2020\/02\/tn_Products277774218.jpeg\" alt=\"\" data-id=\"160\" data-full-url=\"http:\/\/www.datentechnik.gruenefeld.de\/wp-content\/uploads\/2020\/02\/tn_Products277774218.jpeg\" data-link=\"http:\/\/www.datentechnik.gruenefeld.de\/?attachment_id=160\" class=\"wp-image-160\" srcset=\"https:\/\/www.smartsystems.gruenefeld.de\/wp-content\/uploads\/2020\/02\/tn_Products277774218.jpeg 333w, https:\/\/www.smartsystems.gruenefeld.de\/wp-content\/uploads\/2020\/02\/tn_Products277774218-300x199.jpeg 300w\" sizes=\"(max-width: 333px) 100vw, 333px\" \/><\/figure><\/li><li class=\"blocks-gallery-item\"><figure><img loading=\"lazy\" width=\"333\" height=\"222\" src=\"http:\/\/www.datentechnik.gruenefeld.de\/wp-content\/uploads\/2020\/02\/tn_DevelopmentTest186846928.jpeg\" alt=\"\" data-id=\"159\" data-full-url=\"http:\/\/www.datentechnik.gruenefeld.de\/wp-content\/uploads\/2020\/02\/tn_DevelopmentTest186846928.jpeg\" data-link=\"http:\/\/www.datentechnik.gruenefeld.de\/?attachment_id=159\" class=\"wp-image-159\" srcset=\"https:\/\/www.smartsystems.gruenefeld.de\/wp-content\/uploads\/2020\/02\/tn_DevelopmentTest186846928.jpeg 333w, https:\/\/www.smartsystems.gruenefeld.de\/wp-content\/uploads\/2020\/02\/tn_DevelopmentTest186846928-300x200.jpeg 300w\" sizes=\"(max-width: 333px) 100vw, 333px\" \/><\/figure><\/li><\/ul><\/figure>\n\n\n\n<p><\/p>\n\n\n\n<p>Nach Ihren Vorgaben entwickeln und bauen wir Ger\u00e4te f\u00fcr Profi- und Consumer-Anwendungen.<br> Unsere besonderen St\u00e4rken liegen in den Bereichen<br><br> \u00b7       Elektronik, Optoelektronik<br><br> \u00b7       Steuerger\u00e4te f\u00fcr Sondermaschinen<br><br> \u00b7       Technische Akustik<br><br> \u00b7       Mikrocontroller-Anwendungen<br><br> \u00b7       App-Entwicklung f\u00fcr wissenschaftliche Anwendungen<\/p>\n","protected":false},"excerpt":{"rendered":"<p>Nach Ihren Vorgaben entwickeln und bauen wir Ger\u00e4te f\u00fcr Profi- und Consumer-Anwendungen. Unsere besonderen St\u00e4rken liegen in den Bereichen \u00b7 Elektronik, Optoelektronik \u00b7 Steuerger\u00e4te f\u00fcr Sondermaschinen \u00b7 Technische Akustik \u00b7 Mikrocontroller-Anwendungen \u00b7 App-Entwicklung f\u00fcr wissenschaftliche Anwendungen<\/p>\n","protected":false},"author":1,"featured_media":0,"parent":0,"menu_order":0,"comment_status":"closed","ping_status":"closed","template":"","meta":[],"_links":{"self":[{"href":"https:\/\/www.smartsystems.gruenefeld.de\/index.php?rest_route=\/wp\/v2\/pages\/121"}],"collection":[{"href":"https:\/\/www.smartsystems.gruenefeld.de\/index.php?rest_route=\/wp\/v2\/pages"}],"about":[{"href":"https:\/\/www.smartsystems.gruenefeld.de\/index.php?rest_route=\/wp\/v2\/types\/page"}],"author":[{"embeddable":true,"href":"https:\/\/www.smartsystems.gruenefeld.de\/index.php?rest_route=\/wp\/v2\/users\/1"}],"replies":[{"embeddable":true,"href":"https:\/\/www.smartsystems.gruenefeld.de\/index.php?rest_route=%2Fwp%2Fv2%2Fcomments&post=121"}],"version-history":[{"count":5,"href":"https:\/\/www.smartsystems.gruenefeld.de\/index.php?rest_route=\/wp\/v2\/pages\/121\/revisions"}],"predecessor-version":[{"id":201,"href":"https:\/\/www.smartsystems.gruenefeld.de\/index.php?rest_route=\/wp\/v2\/pages\/121\/revisions\/201"}],"wp:attachment":[{"href":"https:\/\/www.smartsystems.gruenefeld.de\/index.php?rest_route=%2Fwp%2Fv2%2Fmedia&parent=121"}],"curies":[{"name":"wp","href":"https:\/\/api.w.org\/{rel}","templated":true}]}}